{"id":2618,"date":"2024-11-15T21:34:35","date_gmt":"2024-11-15T21:34:35","guid":{"rendered":"https:\/\/www.welcomingeconomy.ca\/candidatures-des-candidats\/"},"modified":"2025-11-21T21:22:53","modified_gmt":"2025-11-21T21:22:53","slug":"candidatures-des-candidats","status":"publish","type":"page","link":"https:\/\/www.welcomingeconomy.ca\/fr\/candidatures-des-candidats\/","title":{"rendered":"Candidatures"},"content":{"rendered":"<p><div class=\"fusion-fullwidth fullwidth-box fusion-builder-row-1 fusion-flex-container has-pattern-background has-mask-background fusion-parallax-none hundred-percent-fullwidth hundred-percent-height hundred-percent-height-center-content non-hundred-percent-height-scrolling\" style=\"--awb-border-radius-top-left:0px;--awb-border-radius-top-right:0px;--awb-border-radius-bottom-right:0px;--awb-border-radius-bottom-left:0px;--awb-background-image:url(&quot;https:\/\/westaging.cmpsandbox.com\/wp-content\/uploads\/2024\/11\/24-we-registration-regina-blank-slider-1920x1080-1.jpg&quot;);--awb-background-size:cover;--awb-flex-wrap:wrap;\" ><div class=\"fusion-builder-row fusion-row fusion-flex-align-items-flex-start fusion-flex-content-wrap\" style=\"width:104% !important;max-width:104% !important;margin-left: calc(-4% \/ 2 );margin-right: calc(-4% \/ 2 );\"><div class=\"fusion-layout-column fusion_builder_column fusion-builder-column-0 fusion_builder_column_1_1 1_1 fusion-flex-column\" style=\"--awb-padding-top:3%;--awb-bg-size:cover;--awb-width-large:100%;--awb-margin-top-large:0px;--awb-spacing-right-large:1.92%;--awb-margin-bottom-large:20px;--awb-spacing-left-large:1.92%;--awb-width-medium:100%;--awb-order-medium:0;--awb-spacing-right-medium:1.92%;--awb-spacing-left-medium:1.92%;--awb-width-small:100%;--awb-order-small:0;--awb-spacing-right-small:1.92%;--awb-spacing-left-small:1.92%;\" data-scroll-devices=\"small-visibility,medium-visibility,large-visibility\"><div class=\"fusion-column-wrapper fusion-column-has-shadow fusion-flex-justify-content-flex-start fusion-content-layout-column\"><div class=\"fusion-image-element \" style=\"--awb-margin-left:7%;--awb-max-width:50%;--awb-caption-title-font-family:var(--h2_typography-font-family);--awb-caption-title-font-weight:var(--h2_typography-font-weight);--awb-caption-title-font-style:var(--h2_typography-font-style);--awb-caption-title-size:var(--h2_typography-font-size);--awb-caption-title-transform:var(--h2_typography-text-transform);--awb-caption-title-line-height:var(--h2_typography-line-height);--awb-caption-title-letter-spacing:var(--h2_typography-letter-spacing);\"><span class=\" fusion-imageframe imageframe-none imageframe-1 hover-type-none\"><img decoding=\"async\" width=\"300\" height=\"128\" title=\"REGINA Refugee Hiring Event \u2013 Logo EN\" src=\"https:\/\/www.welcomingeconomy.ca\/wp-content\/uploads\/2025\/09\/TORONTO-Refugee-Hiring-Event-\u2013-Logo-EN.png\" alt class=\"img-responsive wp-image-2525\"\/><\/span><\/div><\/div><\/div><div class=\"fusion-layout-column fusion_builder_column fusion-builder-column-1 fusion_builder_column_1_1 1_1 fusion-flex-column fusion-flex-align-self-flex-start\" style=\"--awb-bg-size:cover;--awb-width-large:100%;--awb-margin-top-large:0px;--awb-spacing-right-large:1.92%;--awb-margin-bottom-large:20px;--awb-spacing-left-large:1.92%;--awb-width-medium:100%;--awb-order-medium:0;--awb-spacing-right-medium:1.92%;--awb-spacing-left-medium:1.92%;--awb-width-small:100%;--awb-order-small:0;--awb-spacing-right-small:1.92%;--awb-spacing-left-small:1.92%;\"><div class=\"fusion-column-wrapper fusion-column-has-shadow fusion-flex-justify-content-center fusion-content-layout-column\"><div class=\"fusion-text fusion-text-1\" style=\"--awb-margin-left:7%;\"><h1 style=\"font-size: 68px; line-height: 47px;\" data-fusion-font=\"true\">CANDIDATURE<\/h1>\n<p class=\"sqsrte-large\"><span class=\"sqsrte-text-color--custom\"><span style=\"color: #f0483d; font-size: 20px; line-height: 1.9rem;\" data-fusion-font=\"true\">Salon de l\u2019embauche des r\u00e9fugi\u00e9s \u00e0 Toronto<\/span><br \/>\n<span style=\"color: #f0483d; font-size: 20px; line-height: 1.9rem;\" data-fusion-font=\"true\">17 octobre 2025<\/span><\/span><\/p>\n<p class=\"\"><span style=\"color: var(--awb-color8); font-family: Figtree; font-weight: 300; font-size: 15px; line-height: 1.9rem;\" data-fusion-font=\"true\" data-fusion-google-font=\"Figtree\" data-fusion-google-variant=\"300\">9h30-16h30 (HNE)<\/span><\/p>\n<\/div><\/div><\/div><\/div><\/div><div class=\"fusion-fullwidth fullwidth-box fusion-builder-row-2 fusion-flex-container has-pattern-background has-mask-background nonhundred-percent-fullwidth non-hundred-percent-height-scrolling\" style=\"--awb-border-radius-top-left:0px;--awb-border-radius-top-right:0px;--awb-border-radius-bottom-right:0px;--awb-border-radius-bottom-left:0px;--awb-background-color:var(--awb-color2);--awb-flex-wrap:wrap;\" ><div class=\"fusion-builder-row fusion-row fusion-flex-align-items-flex-start fusion-flex-content-wrap\" style=\"max-width:1248px;margin-left: calc(-4% \/ 2 );margin-right: calc(-4% \/ 2 );\"><div class=\"fusion-layout-column fusion_builder_column fusion-builder-column-2 fusion_builder_column_1_1 1_1 fusion-flex-column\" style=\"--awb-bg-size:cover;--awb-width-large:100%;--awb-margin-top-large:0px;--awb-spacing-right-large:1.92%;--awb-margin-bottom-large:20px;--awb-spacing-left-large:1.92%;--awb-width-medium:100%;--awb-order-medium:0;--awb-spacing-right-medium:1.92%;--awb-spacing-left-medium:1.92%;--awb-width-small:100%;--awb-order-small:0;--awb-spacing-right-small:1.92%;--awb-spacing-left-small:1.92%;\"><div class=\"fusion-column-wrapper fusion-column-has-shadow fusion-flex-justify-content-flex-start fusion-content-layout-column\"><div class=\"fusion-title title fusion-title-1 fusion-sep-none fusion-title-text fusion-title-size-three\" style=\"--awb-margin-top:3%;\"><h3 class=\"fusion-title-heading title-heading-left\" style=\"margin:0;text-transform:none;\">\u00c0 propos de l&rsquo;\u00e9v\u00e9nement<\/h3><\/div><div class=\"fusion-text fusion-text-2\" style=\"--awb-font-size:17px;--awb-line-height:1.9rem;--awb-text-color:var(--awb-color7);\"><p>Il s\u2019agit d\u2019un \u00e9v\u00e9nement de recrutement pour les r\u00e9fugi\u00e9s et autres personnes d\u00e9plac\u00e9es o\u00f9 les candidats sont pr\u00e9s\u00e9lectionn\u00e9s et mis en relation avec des employeurs pour des entretiens sur place.<\/p>\n<\/div><style type=\"text\/css\">.fusion-faqs-wrapper #accordian-1 .fusion-panel { border-color:var(--awb-color5); }.fusion-faqs-wrapper #accordian-1 .fusion-panel:hover{ border-color: #e0dede; }.fusion-accordian #accordian-1 .panel-title a .fa-fusion-box:before{ font-size: 16px;width: 16px;}.fusion-accordian #accordian-1 .panel-title a .fa-fusion-box{ color: var(--awb-color1);}.fusion-accordian  #accordian-1 .panel-title a{font-size:21px;font-family:\"Figtree\";font-style:normal;font-weight:300;}.fusion-accordian  #accordian-1 .panel-title a:not(:hover){color:var(--awb-color7);}.fusion-accordian  #accordian-1 .toggle-content{font-family:\"Figtree\";font-style:normal;font-weight:300;}.fusion-accordian #accordian-1 .fa-fusion-box { background-color: var(--awb-color7) !important;border-color: var(--awb-color7) !important;}.fusion-accordian #accordian-1 .panel-title a:hover,.fusion-accordian #accordian-1 .panel-title a.hover { color: var(--awb-color8);}.fusion-faq-shortcode .fusion-accordian #accordian-1 .fusion-toggle-boxed-mode:hover .panel-title a { color: var(--awb-color8);}.fusion-accordian #accordian-1 .panel-title .active .fa-fusion-box,.fusion-accordian #accordian-1 .panel-title a:hover .fa-fusion-box,.fusion-accordian #accordian-1 .panel-title a.hover .fa-fusion-box { background-color: var(--awb-color8)!important;border-color: var(--awb-color8)!important;}.fusion-faqs-wrapper .fusion-accordian  #accordian-1 .fusion-panel {padding-top: 1%;padding-bottom: 1%;}<\/style><div class=\"fusion-faq-shortcode\" style=\"margin-bottom:3%;\"><div class=\"fusion-faqs-wrapper\"><div class=\"accordian fusion-accordian\"><div class=\"panel-group \" id=\"accordian-1\"><div class=\"fusion-panel panel-default fusion-faq-post fusion-faq-post-3053 durham-fr-2 \"><span class=\"entry-title rich-snippet-hidden\">Comment postuler<\/span><span class=\"vcard rich-snippet-hidden\"><span class=\"fn\"><a href=\"https:\/\/www.welcomingeconomy.ca\/fr\/author\/trevor\/\" title=\"Articles par trevor\" rel=\"author\">trevor<\/a><\/span><\/span><span class=\"updated rich-snippet-hidden\">2025-11-19T21:02:43+00:00<\/span><div class=\"panel-heading\"><h4 id=\"faq_1-3053\" class=\"panel-title toggle\"><a data-toggle=\"collapse\" class=\"collapsed\" data-parent=\"#accordian-1\" data-target=\"#collapse-1-3053\" href=\"#collapse-1-3053\" aria-expanded=\"false\"><div class=\"fusion-toggle-icon-wrapper\"><div class=\"fusion-toggle-icon-wrapper-main\"><div class=\"fusion-toggle-icon-wrapper-sub\"><i class=\"fa-fusion-box active-icon awb-icon-minus\" aria-hidden=\"true\"><\/i><i class=\"fa-fusion-box inactive-icon awb-icon-plus\" aria-hidden=\"true\"><\/i><\/div><\/div><\/div><div class=\"fusion-toggle-heading\">Comment postuler<\/div><\/a><\/h4><\/div><div id=\"collapse-1-3053\" aria-labelledby=\"faq_1-3053\" class=\"panel-collapse collapse\"><div class=\"panel-body toggle-content post-content\"><p>Les employeurs participants ont fourni des informations sur les postes et les lieux de recrutement qu&rsquo;ils recherchent. Pour postuler&nbsp;: <\/p>\n<ol>\n<li>Cliquez sur le bouton ci-dessous. Vous serez redirig\u00e9 vers le portail d&#8217;emploi de Lever.com. <\/li>\n<li>Passez en revue les diff\u00e9rents employeurs et s\u00e9lectionnez jusqu\u2019\u00e0 3 postes pour lesquels vous aimeriez passer un entretien.<\/li>\n<li>Une fois votre candidature soumise, nous proc\u00e9derons \u00e0 une pr\u00e9s\u00e9lection. Veuillez noter qu&rsquo;une candidature ne garantit pas un entretien. <\/li>\n<li>Si vous \u00eates s\u00e9lectionn\u00e9, nous vous contacterons pour participer \u00e0 un atelier de pr\u00e9paration obligatoire.<\/li>\n<\/ol>\n<\/div><\/div><\/div><div class=\"fusion-panel panel-default fusion-faq-post fusion-faq-post-3058 durham-fr-2 \"><span class=\"entry-title rich-snippet-hidden\">Crit\u00e8res d&rsquo;\u00e9ligibilit\u00e9<\/span><span class=\"vcard rich-snippet-hidden\"><span class=\"fn\"><a href=\"https:\/\/www.welcomingeconomy.ca\/fr\/author\/trevor\/\" title=\"Articles par trevor\" rel=\"author\">trevor<\/a><\/span><\/span><span class=\"updated rich-snippet-hidden\">2025-11-19T21:05:27+00:00<\/span><div class=\"panel-heading\"><h4 id=\"faq_1-3058\" class=\"panel-title toggle\"><a data-toggle=\"collapse\" class=\"collapsed\" data-parent=\"#accordian-1\" data-target=\"#collapse-1-3058\" href=\"#collapse-1-3058\" aria-expanded=\"false\"><div class=\"fusion-toggle-icon-wrapper\"><div class=\"fusion-toggle-icon-wrapper-main\"><div class=\"fusion-toggle-icon-wrapper-sub\"><i class=\"fa-fusion-box active-icon awb-icon-minus\" aria-hidden=\"true\"><\/i><i class=\"fa-fusion-box inactive-icon awb-icon-plus\" aria-hidden=\"true\"><\/i><\/div><\/div><\/div><div class=\"fusion-toggle-heading\">Crit\u00e8res d&rsquo;\u00e9ligibilit\u00e9<\/div><\/a><\/h4><\/div><div id=\"collapse-1-3058\" aria-labelledby=\"faq_1-3058\" class=\"panel-collapse collapse\"><div class=\"panel-body toggle-content post-content\"><p>Vous \u00eates admissible \u00e0 participer \u00e0 l\u2019\u00e9v\u00e9nement si vous \u00eates admissible \u00e0 travailler au Canada et que vous \u00eates :<\/p>\n<ul>\n<li>Un r\u00e9fugi\u00e9 au sens de la Convention<\/li>\n<li>Un demandeur d&rsquo;asile<\/li>\n<li>Une personne d\u00e9plac\u00e9e par la guerre, y compris les nouveaux arrivants ukrainiens<\/li>\n<\/ul>\n<\/div><\/div><\/div><div class=\"fusion-panel panel-default fusion-faq-post fusion-faq-post-3062 durham-fr-2 \"><span class=\"entry-title rich-snippet-hidden\">Objectif<\/span><span class=\"vcard rich-snippet-hidden\"><span class=\"fn\"><a href=\"https:\/\/www.welcomingeconomy.ca\/fr\/author\/trevor\/\" title=\"Articles par trevor\" rel=\"author\">trevor<\/a><\/span><\/span><span class=\"updated rich-snippet-hidden\">2025-11-19T21:06:16+00:00<\/span><div class=\"panel-heading\"><h4 id=\"faq_1-3062\" class=\"panel-title toggle\"><a data-toggle=\"collapse\" class=\"collapsed\" data-parent=\"#accordian-1\" data-target=\"#collapse-1-3062\" href=\"#collapse-1-3062\" aria-expanded=\"false\"><div class=\"fusion-toggle-icon-wrapper\"><div class=\"fusion-toggle-icon-wrapper-main\"><div class=\"fusion-toggle-icon-wrapper-sub\"><i class=\"fa-fusion-box active-icon awb-icon-minus\" aria-hidden=\"true\"><\/i><i class=\"fa-fusion-box inactive-icon awb-icon-plus\" aria-hidden=\"true\"><\/i><\/div><\/div><\/div><div class=\"fusion-toggle-heading\">Objectif<\/div><\/a><\/h4><\/div><div id=\"collapse-1-3062\" aria-labelledby=\"faq_1-3062\" class=\"panel-collapse collapse\"><div class=\"panel-body toggle-content post-content\"><p>L&rsquo;objectif du Salon de l\u2019embauche des r\u00e9fugi\u00e9s est de vous offrir un emploi enrichissant gr\u00e2ce \u00e0 des actions concr\u00e8tes. En cas de r\u00e9ussite, vous b\u00e9n\u00e9ficierez des avantages suivants : <\/p>\n<ul>\n<li>Une offre d&#8217;emploi, ou<\/li>\n<li>Un deuxi\u00e8me entretien, ou<\/li>\n<li>Inclusion dans les processus d&#8217;embauche ult\u00e9rieurs des employeurs avec lesquels vous passez un entretien<\/li>\n<\/ul>\n<\/div><\/div><\/div><\/div><\/div><\/div><\/div><div ><a class=\"fusion-button button-flat fusion-button-default-size button-default fusion-button-default button-1 fusion-button-default-span fusion-button-default-type\" style=\"--button-border-radius-top-left:60px;--button-border-radius-top-right:60px;--button-border-radius-bottom-right:60px;--button-border-radius-bottom-left:60px;--button_text_transform:uppercase;--button_padding-top:2%;--button_padding-right:6%;--button_padding-bottom:2%;--button_padding-left:6%;--button_margin-bottom:3%;\" target=\"_blank\" rel=\"noopener noreferrer\" href=\"https:\/\/rhe25.multiscreensite.com\/toronto-career-openings\"><span class=\"fusion-button-text\">POSTULEZ ICI<\/span><\/a><\/div><div class=\"fusion-text fusion-text-3\" style=\"--awb-text-color:var(--awb-color7);--awb-text-font-family:&quot;Figtree&quot;;--awb-text-font-style:normal;--awb-text-font-weight:300;\"><p><b>Veuillez noter que la participation \u00e0 cet \u00e9v\u00e9nement se fait uniquement sur candidature.  <\/b><br \/>\nLes places pour les entretiens sont limit\u00e9es. Il est conseill\u00e9 de postuler t\u00f4t.<\/p>\n<\/div><\/div><\/div><\/div><\/div><div class=\"fusion-fullwidth fullwidth-box fusion-builder-row-3 fusion-flex-container has-pattern-background has-mask-background nonhundred-percent-fullwidth non-hundred-percent-height-scrolling\" style=\"--awb-border-radius-top-left:0px;--awb-border-radius-top-right:0px;--awb-border-radius-bottom-right:0px;--awb-border-radius-bottom-left:0px;--awb-flex-wrap:wrap;\" ><div class=\"fusion-builder-row fusion-row fusion-flex-align-items-flex-start fusion-flex-content-wrap\" style=\"max-width:1248px;margin-left: calc(-4% \/ 2 );margin-right: calc(-4% \/ 2 );\"><div class=\"fusion-layout-column fusion_builder_column fusion-builder-column-3 fusion_builder_column_1_1 1_1 fusion-flex-column\" style=\"--awb-bg-size:cover;--awb-width-large:100%;--awb-margin-top-large:0px;--awb-spacing-right-large:1.92%;--awb-margin-bottom-large:20px;--awb-spacing-left-large:1.92%;--awb-width-medium:100%;--awb-order-medium:0;--awb-spacing-right-medium:1.92%;--awb-spacing-left-medium:1.92%;--awb-width-small:100%;--awb-order-small:0;--awb-spacing-right-small:1.92%;--awb-spacing-left-small:1.92%;\"><div class=\"fusion-column-wrapper fusion-column-has-shadow fusion-flex-justify-content-flex-start fusion-content-layout-column\"><div class=\"fusion-title title fusion-title-2 fusion-sep-none fusion-title-text fusion-title-size-three\" style=\"--awb-margin-top:3%;\"><h3 class=\"fusion-title-heading title-heading-left\" style=\"margin:0;text-transform:none;\">\u00c0 quoi s&rsquo;attendre<\/h3><\/div><div class=\"fusion-text fusion-text-4\" style=\"--awb-font-size:17px;--awb-text-color:var(--awb-color6);\"><p>Contrairement \u00e0 un salon de l&#8217;emploi, l&rsquo;objectif ultime d&rsquo;un Salon de l\u2019embauche des r\u00e9fugi\u00e9s est de trouver un emploi valorisant gr\u00e2ce \u00e0 des \u00e9tapes concr\u00e8tes. En cas de r\u00e9ussite, vous recevrez une offre d&#8217;emploi imm\u00e9diate, la possibilit\u00e9 d&rsquo;un deuxi\u00e8me entretien ou serez s\u00e9lectionn\u00e9 pour participer aux processus de recrutement ult\u00e9rieurs des employeurs rencontr\u00e9s. <\/p>\n<p class=\"sqsrte-large\"><span style=\"font-size: 21px; color: var(--awb-color7);\" data-fusion-font=\"true\">En tant que candidat, vous<\/span> <mark><span class=\"sqsrte-text-highlight\" data-text-attribute-id=\"6fe47548-bca9-46ec-95b4-78ef3280c6ad\"><b style=\"font-size: 21px; color: var(--awb-color7);\" data-fusion-font=\"true\">b\u00e9n\u00e9ficierez<\/b><\/span><\/mark> <span style=\"font-size: 21px; color: var(--awb-color7);\" data-fusion-font=\"true\">de :<\/span><\/p>\n<ul data-rte-list=\"default\">\n<li>\n<p style=\"font-size: 19px;\" data-fusion-font=\"true\">acc\u00e9der \u00e0 des opportunit\u00e9s d&#8217;emploi pr\u00e9s\u00e9lectionn\u00e9es et multisectorielles aupr\u00e8s d&#8217;employeurs de premier plan qui s&rsquo;engagent \u00e0 exploiter le vivier de talents des r\u00e9fugi\u00e9s<\/p>\n<\/li>\n<li>\n<p style=\"font-size: 19px;\" data-fusion-font=\"true\">consulter des experts d&rsquo;agences communautaires qui examineront votre CV et vous proposeront des conseils personnalis\u00e9s pour maximiser vos performances en entretien<\/p>\n<\/li>\n<li>\n<p style=\"font-size: 19px;\" data-fusion-font=\"true\">recevoir des conseils et astuces sur place au Coin du coach , si vous en avez besoin pendant l&rsquo;\u00e9v\u00e9nement<\/p>\n<\/li>\n<li>\n<p style=\"font-size: 19px;\" data-fusion-font=\"true\">recevoir des commentaires sur place des employeurs<\/p>\n<\/li>\n<\/ul>\n<p class=\"sqsrte-large\"><span style=\"font-size: 21px; color: var(--awb-color7);\" data-fusion-font=\"true\">En tant que candidat, vous vous<\/span> <span class=\"sqsrte-text-highlight\" data-text-attribute-id=\"d5c3e4fe-4574-43b9-b1fd-61aa60e9ece7\"><mark><b style=\"font-size: 21px; color: var(--awb-color7);\" data-fusion-font=\"true\">ENGAGEZ<\/b><\/mark><\/span> <span style=\"font-size: 21px; color: var(--awb-color7);\" data-fusion-font=\"true\">\u00e0 :<\/span><\/p>\n<ul data-rte-list=\"default\">\n<li>\n<p style=\"font-size: 19px;\" data-fusion-font=\"true\">soumettre un formulaire d&rsquo;inscription complet indiquant vos comp\u00e9tences \u00e0 jour et les trois postes pour lesquels vous souhaitez passer un entretien<\/p>\n<\/li>\n<li>\n<p style=\"font-size: 19px;\" data-fusion-font=\"true\">participer \u00e0 une s\u00e9ance de pr\u00e9paration virtuelle et obligatoire offerte par l&rsquo;un des organismes communautaires<\/p>\n<\/li>\n<li>\n<p style=\"font-size: 19px;\" data-fusion-font=\"true\">rendre compte des r\u00e9sultats de votre entretien<\/p>\n<\/li>\n<\/ul>\n<\/div><\/div><\/div><\/div><\/div><\/p>\n","protected":false},"excerpt":{"rendered":"","protected":false},"author":2,"featured_media":0,"parent":0,"menu_order":0,"comment_status":"closed","ping_status":"closed","template":"100-width.php","meta":{"_acf_changed":false,"footnotes":""},"class_list":["post-2618","page","type-page","status-publish","hentry"],"acf":[],"_links":{"self":[{"href":"https:\/\/www.welcomingeconomy.ca\/fr\/wp-json\/wp\/v2\/pages\/2618","targetHints":{"allow":["GET"]}}],"collection":[{"href":"https:\/\/www.welcomingeconomy.ca\/fr\/wp-json\/wp\/v2\/pages"}],"about":[{"href":"https:\/\/www.welcomingeconomy.ca\/fr\/wp-json\/wp\/v2\/types\/page"}],"author":[{"embeddable":true,"href":"https:\/\/www.welcomingeconomy.ca\/fr\/wp-json\/wp\/v2\/users\/2"}],"replies":[{"embeddable":true,"href":"https:\/\/www.welcomingeconomy.ca\/fr\/wp-json\/wp\/v2\/comments?post=2618"}],"version-history":[{"count":7,"href":"https:\/\/www.welcomingeconomy.ca\/fr\/wp-json\/wp\/v2\/pages\/2618\/revisions"}],"predecessor-version":[{"id":4576,"href":"https:\/\/www.welcomingeconomy.ca\/fr\/wp-json\/wp\/v2\/pages\/2618\/revisions\/4576"}],"wp:attachment":[{"href":"https:\/\/www.welcomingeconomy.ca\/fr\/wp-json\/wp\/v2\/media?parent=2618"}],"curies":[{"name":"wp","href":"https:\/\/api.w.org\/{rel}","templated":true}]}}