{"id":2594,"date":"2024-09-11T17:52:51","date_gmt":"2024-09-11T17:52:51","guid":{"rendered":"https:\/\/www.welcomingeconomy.ca\/organisez-votre-propre-evenement-de-recrutement-de-refugies\/"},"modified":"2026-02-05T16:22:43","modified_gmt":"2026-02-05T16:22:43","slug":"organisez-votre-propre-salon-de-lembauche-des-refugies","status":"publish","type":"page","link":"https:\/\/www.welcomingeconomy.ca\/fr\/organisez-votre-propre-salon-de-lembauche-des-refugies\/","title":{"rendered":"Organisez votre propre salon de l\u2019embauche des r\u00e9fugi\u00e9s"},"content":{"rendered":"<p><div class=\"fusion-fullwidth fullwidth-box fusion-builder-row-1 fusion-flex-container has-pattern-background has-mask-background nonhundred-percent-fullwidth non-hundred-percent-height-scrolling\" style=\"--awb-border-radius-top-left:0px;--awb-border-radius-top-right:0px;--awb-border-radius-bottom-right:0px;--awb-border-radius-bottom-left:0px;--awb-flex-wrap:wrap;\" ><div class=\"fusion-builder-row fusion-row fusion-flex-align-items-flex-start fusion-flex-content-wrap\" style=\"max-width:1248px;margin-left: calc(-4% \/ 2 );margin-right: calc(-4% \/ 2 );\"><div class=\"fusion-layout-column fusion_builder_column fusion-builder-column-0 fusion_builder_column_1_1 1_1 fusion-flex-column\" style=\"--awb-bg-size:cover;--awb-width-large:100%;--awb-margin-top-large:0px;--awb-spacing-right-large:1.92%;--awb-margin-bottom-large:20px;--awb-spacing-left-large:1.92%;--awb-width-medium:100%;--awb-order-medium:0;--awb-spacing-right-medium:1.92%;--awb-spacing-left-medium:1.92%;--awb-width-small:100%;--awb-order-small:0;--awb-spacing-right-small:1.92%;--awb-spacing-left-small:1.92%;\"><div class=\"fusion-column-wrapper fusion-column-has-shadow fusion-flex-justify-content-flex-start fusion-content-layout-column\"><div class=\"fusion-title title fusion-title-1 fusion-sep-none fusion-title-text fusion-title-size-one\"><h1 class=\"fusion-title-heading title-heading-left\" style=\"margin:0;text-transform:none;\">Pr\u00eat \u00e0 organiser votre propre<br \/>\nsalon de l\u2019embauche des r\u00e9fugi\u00e9s ?<\/h1><\/div><div class=\"fusion-text fusion-text-1\" style=\"--awb-content-alignment:center;\"><p><span style=\"font-size: 19px; font-family: Figtree; font-weight: 300; line-height: 1.9rem;\" data-fusion-font=\"true\" data-fusion-google-font=\"Figtree\" data-fusion-google-variant=\"300\">La formation \u00ab Organisez votre propre salon de l\u2019embauche des r\u00e9fugi\u00e9s \u00bb s&rsquo;appuie sur un mod\u00e8le de recrutement unique et r\u00e9ussi d\u00e9velopp\u00e9 pour #\u00c9conomieAccueillante pour les r\u00e9fugi\u00e9s par<\/span> <a style=\"font-size: 19px; font-family: Figtree; font-weight: 300; line-height: 1.9rem;\" href=\"https:\/\/jumpstartrefugee.ca\/\" target=\"_blank\" rel=\"noopener\" data-fusion-font=\"true\" data-fusion-google-font=\"Figtree\" data-fusion-google-variant=\"300\">Jumpstart Refugee Talent<\/a> <span style=\"font-size: 19px; font-family: Figtree; font-weight: 300; line-height: 1.9rem;\" data-fusion-font=\"true\" data-fusion-google-font=\"Figtree\" data-fusion-google-variant=\"300\">,<\/span> <a style=\"font-size: 19px; font-family: Figtree; font-weight: 300; line-height: 1.9rem;\" href=\"https:\/\/www.wes.org\/\" target=\"_blank\" rel=\"noopener\" data-fusion-font=\"true\" data-fusion-google-font=\"Figtree\" data-fusion-google-variant=\"300\">World Education Services<\/a> <span style=\"font-size: 19px; font-family: Figtree; font-weight: 300; line-height: 1.9rem;\" data-fusion-font=\"true\" data-fusion-google-font=\"Figtree\" data-fusion-google-variant=\"300\">et<\/span> <a style=\"font-size: 19px; font-family: Figtree; font-weight: 300; line-height: 1.9rem;\" href=\"https:\/\/stories.starbucks.com\/stories\/the-starbucks-foundation\/\" target=\"_blank\" rel=\"noopener\" data-fusion-font=\"true\" data-fusion-google-font=\"Figtree\" data-fusion-google-variant=\"300\">Starbucks Foundation.<\/a><\/p>\n<p><span style=\"font-size: 19px; font-family: Figtree; font-weight: 300; line-height: 1.9rem; letter-spacing: 0.24px;\"><br \/>\nNotre prochaine <strong>s\u00e9ance d\u2019introduction<\/strong> \u00e0 la formation \u00ab Organisez votre propre \u00e9v\u00e9nement d\u2019embauche des r\u00e9fugi\u00e9es \u00bb approche :<br \/>\n<\/span><\/p>\n<p><span style=\"font-size: 19px; font-family: Figtree; font-weight: 300; line-height: 1.9rem;\"><br \/>\n<b>Date :<\/b> Mardi 3 mars 2026<br \/>\n<\/span><\/p>\n<p><b>Heure :<\/b> 12 h \u00e0 13 h (HNE)<\/p>\n<p><b>Plateforme :<\/b> Zoom<br \/>\n<a style=\"font-size: 19px; font-family: Figtree; font-weight: bold; line-height: 1.9rem; color: #000000; text-decoration: underline;\" href=\"https:\/\/tinyurl.com\/44ntj686\" target=\"_blank\" rel=\"noopener\"><br \/>\nCLIQUEZ ICI POUR VOUS INSCRIRE<br \/>\n<\/a><\/p>\n<p><span style=\"font-size: 17px; font-family: Figtree; font-style: italic;\">*Veuillez noter que cette s\u00e9ance se d\u00e9roulera exclusivement en anglais.*<\/span><\/p>\n<p><em>Des s\u00e9ances suppl\u00e9mentaires seront annonc\u00e9es plus tard dans l&rsquo;ann\u00e9e.<\/em><\/p>\n<\/div><\/div><\/div><\/div><\/div><div class=\"fusion-fullwidth fullwidth-box fusion-builder-row-2 fusion-flex-container has-pattern-background has-mask-background nonhundred-percent-fullwidth non-hundred-percent-height-scrolling\" style=\"--awb-border-radius-top-left:0px;--awb-border-radius-top-right:0px;--awb-border-radius-bottom-right:0px;--awb-border-radius-bottom-left:0px;--awb-background-color:var(--awb-color3);--awb-flex-wrap:wrap;\" ><div class=\"fusion-builder-row fusion-row fusion-flex-align-items-flex-start fusion-flex-content-wrap\" style=\"max-width:1248px;margin-left: calc(-4% \/ 2 );margin-right: calc(-4% \/ 2 );\"><div class=\"fusion-layout-column fusion_builder_column fusion-builder-column-1 fusion_builder_column_1_1 1_1 fusion-flex-column\" style=\"--awb-bg-size:cover;--awb-width-large:100%;--awb-margin-top-large:0px;--awb-spacing-right-large:1.92%;--awb-margin-bottom-large:20px;--awb-spacing-left-large:1.92%;--awb-width-medium:100%;--awb-order-medium:0;--awb-spacing-right-medium:1.92%;--awb-spacing-left-medium:1.92%;--awb-width-small:100%;--awb-order-small:0;--awb-spacing-right-small:1.92%;--awb-spacing-left-small:1.92%;\"><div class=\"fusion-column-wrapper fusion-column-has-shadow fusion-flex-justify-content-flex-start fusion-content-layout-column\"><div class=\"fusion-title title fusion-title-2 fusion-sep-none fusion-title-text fusion-title-size-two\" style=\"--awb-text-color:var(--awb-color8);--awb-margin-top:3%;--awb-font-size:29px;\"><h2 class=\"fusion-title-heading title-heading-left\" style=\"margin:0;font-size:1em;text-transform:none;\"><mark>Caract\u00e9ristiques principales<\/mark><\/h2><\/div><div class=\"fusion-builder-row fusion-builder-row-inner fusion-row fusion-flex-align-items-flex-start fusion-flex-content-wrap\" style=\"width:104% !important;max-width:104% !important;margin-left: calc(-4% \/ 2 );margin-right: calc(-4% \/ 2 );\"><div class=\"fusion-layout-column fusion_builder_column_inner fusion-builder-nested-column-0 fusion_builder_column_inner_1_2 1_2 fusion-flex-column\" style=\"--awb-bg-size:cover;--awb-width-large:50%;--awb-margin-top-large:0px;--awb-spacing-right-large:3.84%;--awb-margin-bottom-large:20px;--awb-spacing-left-large:3.84%;--awb-width-medium:100%;--awb-order-medium:0;--awb-spacing-right-medium:1.92%;--awb-spacing-left-medium:1.92%;--awb-width-small:100%;--awb-order-small:0;--awb-spacing-right-small:1.92%;--awb-spacing-left-small:1.92%;\"><div class=\"fusion-column-wrapper fusion-column-has-shadow fusion-flex-justify-content-flex-start fusion-content-layout-column\"><\/div><\/div><\/div><div class=\"fusion-text fusion-text-2\" style=\"--awb-margin-top:3%;\"><p style=\"color: #000; font-size: 23px;\"><b>Les \u00e9v\u00e9nements d\u2019embauche de r\u00e9fugi\u00e9s diff\u00e8rent des salons de l\u2019emploi traditionnels :<\/b><\/p>\n<ul>\n<li>\n<p style=\"color: var(--awb-color7); font-size: 19px; line-height: 1.9rem;\" data-fusion-font=\"true\">Les employeurs ont acc\u00e8s \u00e0 des candidats correspondant parfaitement \u00e0 leurs besoins, ce qui leur permet d\u2019\u00e9conomiser sur les co\u00fbts de recrutement.<\/p>\n<\/li>\n<li>\n<p class=\"\"><span style=\"color: var(--awb-color7); font-family: var(--awb-text-font-family); font-size: 19px; font-style: var(--awb-text-font-style); font-weight: var(--awb-text-font-weight); letter-spacing: var(--awb-letter-spacing); text-align: var(--awb-content-alignment); text-transform: var(--awb-text-transform); background-color: var(--awb-bg-color-hover); line-height: 1.9rem;\" data-fusion-font=\"true\">Les candidats pr\u00e9s\u00e9lectionn\u00e9s r\u00e9pondent aux besoins des employeurs, 70 \u00e0 85 % d\u2019entre eux recevant des offres d\u2019emploi ou des deuxi\u00e8mes entretiens.<\/span><\/p>\n<\/li>\n<li><span style=\"color: var(--awb-color7); font-size: 19px; line-height: 1.9rem;\" data-fusion-font=\"true\">Les candidats pr\u00e9s\u00e9lectionn\u00e9s b\u00e9n\u00e9ficient d&rsquo;une aide \u00e0 la r\u00e9daction de leur CV et d&rsquo;un coaching d&rsquo;entretien.<\/span><\/li>\n<\/ul>\n<\/div><style type=\"text\/css\">.fusion-faqs-wrapper #accordian-1 .fusion-panel { border-color:var(--awb-color4); }.fusion-faqs-wrapper #accordian-1 .fusion-panel:hover{ border-color: #e0dede; }.fusion-accordian #accordian-1 .panel-title a .fa-fusion-box:before{ font-size: 16px;width: 16px;}.fusion-accordian #accordian-1 .panel-title a .fa-fusion-box{ color: var(--awb-color1);}.fusion-accordian  #accordian-1 .panel-title a{font-size:23px;font-family:var(--awb-typography4-font-family);font-weight:var(--awb-typography4-font-weight);font-style:var(--awb-typography4-font-style);}.fusion-accordian  #accordian-1 .panel-title a:not(:hover){color:var(--awb-color8);}.fusion-accordian  #accordian-1 .toggle-content{font-family:\"Figtree\";font-style:normal;font-weight:300;}.fusion-accordian #accordian-1 .fa-fusion-box { background-color: var(--awb-color7) !important;border-color: var(--awb-color7) !important;}.fusion-accordian #accordian-1 .panel-title a:hover,.fusion-accordian #accordian-1 .panel-title a.hover { color: var(--awb-color8);}.fusion-faq-shortcode .fusion-accordian #accordian-1 .fusion-toggle-boxed-mode:hover .panel-title a { color: var(--awb-color8);}.fusion-accordian #accordian-1 .panel-title .active .fa-fusion-box,.fusion-accordian #accordian-1 .panel-title a:hover .fa-fusion-box,.fusion-accordian #accordian-1 .panel-title a.hover .fa-fusion-box { background-color: var(--awb-color8)!important;border-color: var(--awb-color8)!important;}.fusion-faqs-wrapper .fusion-accordian  #accordian-1 .fusion-panel {padding-top: 1%;padding-bottom: 1%;}<\/style><div class=\"fusion-faq-shortcode\" style=\"margin-top:3%;\"><div class=\"fusion-faqs-wrapper\"><div class=\"accordian fusion-accordian\"><div class=\"panel-group \" id=\"accordian-1\"><div class=\"fusion-panel panel-default fusion-faq-post fusion-faq-post-2769 organisez-votre-evenement-de-recrutement \"><span class=\"entry-title rich-snippet-hidden\">Pourquoi organiser votre propre salon de l\u2019embauche des r\u00e9fugi\u00e9s ?<\/span><span class=\"vcard rich-snippet-hidden\"><span class=\"fn\">park_admin<\/span><\/span><span class=\"updated rich-snippet-hidden\">2025-11-18T17:01:34+00:00<\/span><div class=\"panel-heading\"><h4 id=\"faq_1-2769\" class=\"panel-title toggle\"><a data-toggle=\"collapse\" class=\"collapsed\" data-parent=\"#accordian-1\" data-target=\"#collapse-1-2769\" href=\"#collapse-1-2769\" aria-expanded=\"false\"><div class=\"fusion-toggle-icon-wrapper\"><div class=\"fusion-toggle-icon-wrapper-main\"><div class=\"fusion-toggle-icon-wrapper-sub\"><i class=\"fa-fusion-box active-icon awb-icon-minus\" aria-hidden=\"true\"><\/i><i class=\"fa-fusion-box inactive-icon awb-icon-plus\" aria-hidden=\"true\"><\/i><\/div><\/div><\/div><div class=\"fusion-toggle-heading\">Pourquoi organiser votre propre salon de l\u2019embauche des r\u00e9fugi\u00e9s ?<\/div><\/a><\/h4><\/div><div id=\"collapse-1-2769\" aria-labelledby=\"faq_1-2769\" class=\"panel-collapse collapse\"><div class=\"panel-body toggle-content post-content\"><ul>\n<li>Les communaut\u00e9s qui soutiennent la r\u00e9ussite des nouveaux arrivants sont plus r\u00e9silientes sur le plan \u00e9conomique.<\/li>\n<li>Les entreprises qui embauchent des talents r\u00e9fugi\u00e9s sont plus innovantes et servent mieux les consommateurs diversifi\u00e9s.<\/li>\n<li>Les r\u00e9fugi\u00e9s apportent des comp\u00e9tences diverses et recherch\u00e9es ainsi que la formation dont les employeurs ont besoin.<\/li>\n<\/ul>\n<\/div><\/div><\/div><div class=\"fusion-panel panel-default fusion-faq-post fusion-faq-post-2768 organisez-votre-evenement-de-recrutement \"><span class=\"entry-title rich-snippet-hidden\">Que propose la formation \u00ab Organisez votre propre salon de l\u2019embauche des r\u00e9fugi\u00e9s \u00bb ?<\/span><span class=\"vcard rich-snippet-hidden\"><span class=\"fn\">park_admin<\/span><\/span><span class=\"updated rich-snippet-hidden\">2025-11-18T17:00:49+00:00<\/span><div class=\"panel-heading\"><h4 id=\"faq_1-2768\" class=\"panel-title toggle\"><a data-toggle=\"collapse\" class=\"collapsed\" data-parent=\"#accordian-1\" data-target=\"#collapse-1-2768\" href=\"#collapse-1-2768\" aria-expanded=\"false\"><div class=\"fusion-toggle-icon-wrapper\"><div class=\"fusion-toggle-icon-wrapper-main\"><div class=\"fusion-toggle-icon-wrapper-sub\"><i class=\"fa-fusion-box active-icon awb-icon-minus\" aria-hidden=\"true\"><\/i><i class=\"fa-fusion-box inactive-icon awb-icon-plus\" aria-hidden=\"true\"><\/i><\/div><\/div><\/div><div class=\"fusion-toggle-heading\">Que propose la formation \u00ab Organisez votre propre salon de l\u2019embauche des r\u00e9fugi\u00e9s \u00bb ?<\/div><\/a><\/h4><\/div><div id=\"collapse-1-2768\" aria-labelledby=\"faq_1-2768\" class=\"panel-collapse collapse\"><div class=\"panel-body toggle-content post-content\"><p>La formation \u00ab Organisez votre propre salon de l\u2019embauche des r\u00e9fugi\u00e9s \u00bb propose des le\u00e7ons en ligne \u00e9tape par \u00e9tape, un coaching informel et des ressources t\u00e9l\u00e9chargeables pour vous aider \u00e0 planifier et \u00e0 ex\u00e9cuter un Organisez votre propre salon de l\u2019embauche des r\u00e9fugi\u00e9s dans votre communaut\u00e9.<\/p>\n<\/div><\/div><\/div><div class=\"fusion-panel panel-default fusion-faq-post fusion-faq-post-2728 organisez-votre-evenement-de-recrutement \"><span class=\"entry-title rich-snippet-hidden\">Qui devrait participer \u00e0 la formation ?<\/span><span class=\"vcard rich-snippet-hidden\"><span class=\"fn\">park_admin<\/span><\/span><span class=\"updated rich-snippet-hidden\">2025-11-18T17:00:03+00:00<\/span><div class=\"panel-heading\"><h4 id=\"faq_1-2728\" class=\"panel-title toggle\"><a data-toggle=\"collapse\" class=\"collapsed\" data-parent=\"#accordian-1\" data-target=\"#collapse-1-2728\" href=\"#collapse-1-2728\" aria-expanded=\"false\"><div class=\"fusion-toggle-icon-wrapper\"><div class=\"fusion-toggle-icon-wrapper-main\"><div class=\"fusion-toggle-icon-wrapper-sub\"><i class=\"fa-fusion-box active-icon awb-icon-minus\" aria-hidden=\"true\"><\/i><i class=\"fa-fusion-box inactive-icon awb-icon-plus\" aria-hidden=\"true\"><\/i><\/div><\/div><\/div><div class=\"fusion-toggle-heading\">Qui devrait participer \u00e0 la formation ?<\/div><\/a><\/h4><\/div><div id=\"collapse-1-2728\" aria-labelledby=\"faq_1-2728\" class=\"panel-collapse collapse\"><div class=\"panel-body toggle-content post-content\"><p>Les municipalit\u00e9s, les organismes d&rsquo;aide \u00e0 l&rsquo;\u00e9tablissement, les employeurs et d&rsquo;autres intervenants cl\u00e9s \u00e0 la recherche d&rsquo;outils pratiques pour b\u00e2tir des entreprises et des collectivit\u00e9s r\u00e9silientes.<\/p>\n<\/div><\/div><\/div><div class=\"fusion-panel panel-default fusion-faq-post fusion-faq-post-3034 organisez-votre-evenement-de-recrutement \"><span class=\"entry-title rich-snippet-hidden\">Comment puis-je participer ?<\/span><span class=\"vcard rich-snippet-hidden\"><span class=\"fn\">park_admin<\/span><\/span><span class=\"updated rich-snippet-hidden\">2026-02-24T16:10:27+00:00<\/span><div class=\"panel-heading\"><h4 id=\"faq_1-3034\" class=\"panel-title toggle\"><a data-toggle=\"collapse\" class=\"collapsed\" data-parent=\"#accordian-1\" data-target=\"#collapse-1-3034\" href=\"#collapse-1-3034\" aria-expanded=\"false\"><div class=\"fusion-toggle-icon-wrapper\"><div class=\"fusion-toggle-icon-wrapper-main\"><div class=\"fusion-toggle-icon-wrapper-sub\"><i class=\"fa-fusion-box active-icon awb-icon-minus\" aria-hidden=\"true\"><\/i><i class=\"fa-fusion-box inactive-icon awb-icon-plus\" aria-hidden=\"true\"><\/i><\/div><\/div><\/div><div class=\"fusion-toggle-heading\">Comment puis-je participer ?<\/div><\/a><\/h4><\/div><div id=\"collapse-1-3034\" aria-labelledby=\"faq_1-3034\" class=\"panel-collapse collapse\"><div class=\"panel-body toggle-content post-content\"><p><strong>Inscrivez-vous d\u00e8s maintenant<\/strong> \u00e0 un atelier d&rsquo;introduction d&rsquo;une heure pour en savoir plus !<\/p>\n<\/div><\/div><\/div><\/div><\/div><\/div><\/div><div class=\"fusion-text fusion-text-3 fusion-text-no-margin\" style=\"--awb-margin-top:5%;--awb-margin-bottom:5%;\"><p><span style=\"font-size: 19px; line-height: 1.9rem; color: var(--awb-color7);\" data-fusion-font=\"true\">Pour en savoir plus,<\/span> <span style=\"text-decoration: underline;\"><a href=\"https:\/\/knowledge.wes.org\/canada-rapport-organiser-un-evenement-de-recrutement-de-refugies.html\" target=\"_blank\" rel=\"noopener\"><span style=\"font-size: 19px; line-height: 1.9rem;\" data-fusion-font=\"true\"><b style=\"color: var(--awb-color7);\">t\u00e9l\u00e9chargez un guide<\/b><\/span><\/a><\/span> <span style=\"font-size: 19px; line-height: 1.9rem; color: var(--awb-color7);\" data-fusion-font=\"true\">qui d\u00e9crit le mod\u00e8le du salon de l\u2019embauche.<\/span><\/p>\n<\/div><div ><a class=\"fusion-button button-flat fusion-button-default-size button-custom fusion-button-default button-1 fusion-button-default-span fusion-button-default-type\" style=\"--button_accent_color:#ffffff;--button_accent_hover_color:var(--awb-color1);--button_border_hover_color:var(--awb-color8);--button-border-radius-top-left:60px;--button-border-radius-top-right:60px;--button-border-radius-bottom-right:60px;--button-border-radius-bottom-left:60px;--button_gradient_top_color:var(--awb-color8);--button_gradient_bottom_color:var(--awb-color8);--button_gradient_top_color_hover:var(--awb-color7);--button_gradient_bottom_color_hover:var(--awb-color7);--button_text_transform:uppercase;--button_font_size:19px;--button_padding-top:2%;--button_padding-right:7%;--button_padding-bottom:2%;--button_padding-left:7%;--button_margin-bottom:5%;\" target=\"_self\" href=\"https:\/\/knowledge.wes.org\/canada-rapport-organiser-un-evenement-de-recrutement-de-refugies.html\"><span class=\"fusion-button-text\">T\u00e9l\u00e9charger<\/span><\/a><\/div><\/div><\/div><\/div><\/div><div class=\"fusion-fullwidth fullwidth-box fusion-builder-row-3 fusion-flex-container has-pattern-background has-mask-background fusion-parallax-none nonhundred-percent-fullwidth non-hundred-percent-height-scrolling\" style=\"--awb-background-position:center bottom;--awb-border-radius-top-left:0px;--awb-border-radius-top-right:0px;--awb-border-radius-bottom-right:0px;--awb-border-radius-bottom-left:0px;--awb-padding-top:44px;--awb-padding-bottom:42px;--awb-padding-left:0px;--awb-margin-top:0px;--awb-margin-bottom:-3%;--awb-background-image:linear-gradient(180deg, rgba(16,24,32,0.87) 0%,rgba(255,255,255,0) 100%),url(https:\/\/www.welcomingeconomy.ca\/wp-content\/uploads\/2024\/11\/we-events-host-testimonial-background-scaled.jpg);;--awb-background-size:cover;--awb-flex-wrap:wrap;\" ><div class=\"fusion-builder-row fusion-row fusion-flex-align-items-flex-start fusion-flex-content-wrap\" style=\"max-width:1248px;margin-left: calc(-4% \/ 2 );margin-right: calc(-4% \/ 2 );\"><div class=\"fusion-layout-column fusion_builder_column fusion-builder-column-2 fusion_builder_column_1_1 1_1 fusion-flex-column\" style=\"--awb-padding-top:2%;--awb-padding-left:3%;--awb-bg-size:cover;--awb-width-large:100%;--awb-margin-top-large:0px;--awb-spacing-right-large:1.92%;--awb-margin-bottom-large:20px;--awb-spacing-left-large:1.92%;--awb-width-medium:100%;--awb-order-medium:0;--awb-spacing-right-medium:1.92%;--awb-spacing-left-medium:1.92%;--awb-width-small:100%;--awb-order-small:0;--awb-spacing-right-small:1.92%;--awb-spacing-left-small:1.92%;\"><div class=\"fusion-column-wrapper fusion-column-has-shadow fusion-flex-justify-content-flex-start fusion-content-layout-column\"><div class=\"fusion-title title fusion-title-3 fusion-sep-none fusion-title-text fusion-title-size-two\" style=\"--awb-text-color:var(--awb-custom_color_3);--awb-font-size:29px;\"><h2 class=\"fusion-title-heading title-heading-left\" style=\"margin:0;font-size:1em;text-transform:none;\">Ce que les gens disent<\/h2><\/div><\/div><\/div><div class=\"fusion-layout-column fusion_builder_column fusion-builder-column-3 fusion_builder_column_1_3 1_3 fusion-flex-column\" style=\"--awb-padding-top:3%;--awb-padding-right:3%;--awb-padding-bottom:3%;--awb-padding-left:9%;--awb-bg-size:cover;--awb-width-large:33.333333333333%;--awb-margin-top-large:0px;--awb-spacing-right-large:5.76%;--awb-margin-bottom-large:20px;--awb-spacing-left-large:5.76%;--awb-width-medium:100%;--awb-order-medium:0;--awb-spacing-right-medium:1.92%;--awb-spacing-left-medium:1.92%;--awb-width-small:100%;--awb-order-small:0;--awb-spacing-right-small:1.92%;--awb-spacing-left-small:1.92%;\"><div class=\"fusion-column-wrapper fusion-column-has-shadow fusion-flex-justify-content-flex-start fusion-content-layout-column\"><div class=\"fusion-text fusion-text-4\"><p><span style=\"color: #ffffff; font-size: 19px; line-height: 1.9rem; font-family: Figtree; font-weight: 300;\" data-fusion-font=\"true\" data-fusion-google-font=\"Figtree\" data-fusion-google-variant=\"300\">\u00ab\u00a0La pr\u00e9s\u00e9lection des candidats change la donne. Elle \u00e9limine v\u00e9ritablement l&rsquo;incertitude et renforce la motivation du processus.\u00a0\u00bb<\/span><\/p>\n<h3 style=\"color: #a3bbc3; font-size: 24px;\" data-fusion-font=\"true\">\u2014 ELVIN Jacob, COSTI<\/h3>\n<\/div><\/div><\/div><div class=\"fusion-layout-column fusion_builder_column fusion-builder-column-4 fusion_builder_column_1_3 1_3 fusion-flex-column\" style=\"--awb-padding-top:3%;--awb-padding-right:3%;--awb-padding-bottom:3%;--awb-padding-left:9%;--awb-bg-size:cover;--awb-width-large:33.333333333333%;--awb-margin-top-large:0px;--awb-spacing-right-large:5.76%;--awb-margin-bottom-large:20px;--awb-spacing-left-large:5.76%;--awb-width-medium:100%;--awb-order-medium:0;--awb-spacing-right-medium:1.92%;--awb-spacing-left-medium:1.92%;--awb-width-small:100%;--awb-order-small:0;--awb-spacing-right-small:1.92%;--awb-spacing-left-small:1.92%;\"><div class=\"fusion-column-wrapper fusion-column-has-shadow fusion-flex-justify-content-flex-start fusion-content-layout-column\"><div class=\"fusion-text fusion-text-5\"><p><span style=\"color: #ffffff; font-size: 19px; line-height: 1.9rem;\" data-fusion-font=\"true\">\u00ab Je vais certainement r\u00e9examiner cette approche, qui favorise une relation plus \u00e9troite avec tous les acteurs. Merci de partager ces informations. \u00bb<\/span><\/p>\n<h3 style=\"color: #a3bbc3; font-size: 24px;\" data-fusion-font=\"true\">\u2014 Citlalli Rios &#8211; Hispanotech<\/h3>\n<\/div><\/div><\/div><div class=\"fusion-layout-column fusion_builder_column fusion-builder-column-5 fusion_builder_column_1_3 1_3 fusion-flex-column\" style=\"--awb-padding-top:3%;--awb-padding-right:9%;--awb-padding-bottom:3%;--awb-padding-left:3%;--awb-bg-size:cover;--awb-width-large:33.333333333333%;--awb-margin-top-large:0px;--awb-spacing-right-large:5.76%;--awb-margin-bottom-large:20px;--awb-spacing-left-large:5.76%;--awb-width-medium:100%;--awb-order-medium:0;--awb-spacing-right-medium:1.92%;--awb-spacing-left-medium:1.92%;--awb-width-small:100%;--awb-order-small:0;--awb-spacing-right-small:1.92%;--awb-spacing-left-small:1.92%;\"><div class=\"fusion-column-wrapper fusion-column-has-shadow fusion-flex-justify-content-flex-start fusion-content-layout-column\"><div class=\"fusion-text fusion-text-6\"><p><span style=\"color: #ffffff; font-size: 19px; line-height: 1.9rem;\" data-fusion-font=\"true\">\u00ab Tr\u00e8s instructif et instructif ! Ce mod\u00e8le d&rsquo;\u00e9v\u00e9nement efficace devra \u00eatre largement diffus\u00e9. \u00bb<\/span><\/p>\n<h3 style=\"color: #a3bbc3; font-size: 24px;\" data-fusion-font=\"true\">\u2014 Jiyul (Ella) Lee, Achev<\/h3>\n<\/div><\/div><\/div><\/div><\/div><\/p>\n","protected":false},"excerpt":{"rendered":"","protected":false},"author":4,"featured_media":0,"parent":0,"menu_order":0,"comment_status":"closed","ping_status":"closed","template":"100-width.php","meta":{"_acf_changed":false,"footnotes":""},"class_list":["post-2594","page","type-page","status-publish","hentry"],"acf":[],"_links":{"self":[{"href":"https:\/\/www.welcomingeconomy.ca\/fr\/wp-json\/wp\/v2\/pages\/2594","targetHints":{"allow":["GET"]}}],"collection":[{"href":"https:\/\/www.welcomingeconomy.ca\/fr\/wp-json\/wp\/v2\/pages"}],"about":[{"href":"https:\/\/www.welcomingeconomy.ca\/fr\/wp-json\/wp\/v2\/types\/page"}],"author":[{"embeddable":true,"href":"https:\/\/www.welcomingeconomy.ca\/fr\/wp-json\/wp\/v2\/users\/4"}],"replies":[{"embeddable":true,"href":"https:\/\/www.welcomingeconomy.ca\/fr\/wp-json\/wp\/v2\/comments?post=2594"}],"version-history":[{"count":7,"href":"https:\/\/www.welcomingeconomy.ca\/fr\/wp-json\/wp\/v2\/pages\/2594\/revisions"}],"predecessor-version":[{"id":4967,"href":"https:\/\/www.welcomingeconomy.ca\/fr\/wp-json\/wp\/v2\/pages\/2594\/revisions\/4967"}],"wp:attachment":[{"href":"https:\/\/www.welcomingeconomy.ca\/fr\/wp-json\/wp\/v2\/media?parent=2594"}],"curies":[{"name":"wp","href":"https:\/\/api.w.org\/{rel}","templated":true}]}}