{"id":2578,"date":"2024-09-10T22:53:05","date_gmt":"2024-09-10T22:53:05","guid":{"rendered":"https:\/\/www.welcomingeconomy.ca\/demarrer-pour-les-agences-communautaires\/"},"modified":"2025-11-19T17:22:26","modified_gmt":"2025-11-19T17:22:26","slug":"demarrer-pour-les-agences-communautaires","status":"publish","type":"page","link":"https:\/\/www.welcomingeconomy.ca\/fr\/demarrer-pour-les-agences-communautaires\/","title":{"rendered":"D\u00e9marrer pour les agences communautaires"},"content":{"rendered":"<p><div class=\"fusion-fullwidth fullwidth-box fusion-builder-row-1 fusion-flex-container has-pattern-background has-mask-background nonhundred-percent-fullwidth non-hundred-percent-height-scrolling\" style=\"--awb-border-radius-top-left:0px;--awb-border-radius-top-right:0px;--awb-border-radius-bottom-right:0px;--awb-border-radius-bottom-left:0px;--awb-margin-bottom:5%;--awb-flex-wrap:wrap;\" ><div class=\"fusion-builder-row fusion-row fusion-flex-align-items-flex-start fusion-flex-content-wrap\" style=\"max-width:1248px;margin-left: calc(-4% \/ 2 );margin-right: calc(-4% \/ 2 );\"><div class=\"fusion-layout-column fusion_builder_column fusion-builder-column-0 fusion_builder_column_1_1 1_1 fusion-flex-column\" style=\"--awb-bg-size:cover;--awb-width-large:100%;--awb-margin-top-large:0px;--awb-spacing-right-large:1.92%;--awb-margin-bottom-large:20px;--awb-spacing-left-large:1.92%;--awb-width-medium:100%;--awb-order-medium:0;--awb-spacing-right-medium:1.92%;--awb-spacing-left-medium:1.92%;--awb-width-small:100%;--awb-order-small:0;--awb-spacing-right-small:1.92%;--awb-spacing-left-small:1.92%;\"><div class=\"fusion-column-wrapper fusion-column-has-shadow fusion-flex-justify-content-flex-start fusion-content-layout-column\"><div class=\"fusion-title title fusion-title-1 fusion-sep-none fusion-title-text fusion-title-size-one\"><h1 class=\"fusion-title-heading title-heading-left\" style=\"margin:0;text-transform:none;\"><h1><span style=\"color: #a3bbc3;\">NOUS AIDONS les agences communautaires<\/span><br \/>\n\u00c0 D\u00c9MARRER.<\/h1><\/h1><\/div><div class=\"fusion-text fusion-text-1\"><p style=\"font-size: 19px; color: var(--awb-color7);\" data-fusion-font=\"true\">La collaboration multi-agences permet \u00e0 chaque organisation de tirer parti de ses comp\u00e9tences et de ses r\u00e9seaux uniques. En unissant les forces et les capacit\u00e9s de divers groupes, nous pouvons combler les lacunes auxquelles toute organisation pourrait \u00eatre confront\u00e9e seule.<\/p>\n<\/div><\/div><\/div><\/div><\/div><div class=\"fusion-fullwidth fullwidth-box fusion-builder-row-2 fusion-flex-container has-pattern-background has-mask-background fusion-parallax-none nonhundred-percent-fullwidth non-hundred-percent-height-scrolling\" style=\"--awb-border-radius-top-left:0px;--awb-border-radius-top-right:0px;--awb-border-radius-bottom-right:0px;--awb-border-radius-bottom-left:0px;--awb-padding-top:3%;--awb-padding-bottom:3%;--awb-background-image:linear-gradient(180deg, rgba(16,24,32,0.46) 0%,rgba(16,24,32,0.52) 100%),url(https:\/\/www.welcomingeconomy.ca\/wp-content\/uploads\/2024\/11\/we-get-started-agencies-video-bkgrnd-1920x800-1.jpg);;--awb-background-size:cover;--awb-flex-wrap:wrap;\" ><div class=\"fusion-builder-row fusion-row fusion-flex-align-items-center fusion-flex-justify-content-space-around fusion-flex-content-wrap\" style=\"max-width:1248px;margin-left: calc(-4% \/ 2 );margin-right: calc(-4% \/ 2 );\"><div class=\"fusion-layout-column fusion_builder_column fusion-builder-column-1 fusion_builder_column_1_1 1_1 fusion-flex-column\" style=\"--awb-bg-size:cover;--awb-width-large:100%;--awb-margin-top-large:0px;--awb-spacing-right-large:1.92%;--awb-margin-bottom-large:20px;--awb-spacing-left-large:1.92%;--awb-width-medium:100%;--awb-order-medium:0;--awb-spacing-right-medium:1.92%;--awb-spacing-left-medium:1.92%;--awb-width-small:100%;--awb-order-small:0;--awb-spacing-right-small:1.92%;--awb-spacing-left-small:1.92%;\"><div class=\"fusion-column-wrapper fusion-column-has-shadow fusion-flex-justify-content-flex-start fusion-content-layout-column\"><div class=\"fusion-builder-row fusion-builder-row-inner fusion-row fusion-flex-align-items-center fusion-flex-justify-content-space-around fusion-flex-content-wrap\" style=\"width:104% !important;max-width:104% !important;margin-left: calc(-4% \/ 2 );margin-right: calc(-4% \/ 2 );\"><div class=\"fusion-layout-column fusion_builder_column_inner fusion-builder-nested-column-0 fusion_builder_column_inner_1_2 1_2 fusion-flex-column fusion-column-inner-bg-wrapper\" style=\"--awb-inner-bg-size:cover;--awb-width-large:50%;--awb-margin-top-large:0px;--awb-spacing-right-large:3.84%;--awb-margin-bottom-large:20px;--awb-spacing-left-large:3.84%;--awb-width-medium:100%;--awb-order-medium:0;--awb-spacing-right-medium:1.92%;--awb-spacing-left-medium:1.92%;--awb-width-small:100%;--awb-order-small:0;--awb-spacing-right-small:1.92%;--awb-spacing-left-small:1.92%;\"><span class=\"fusion-column-inner-bg hover-type-none\"><a class=\"fusion-column-anchor\" href=\"https:\/\/www.youtube.com\/watch?v=yjStmwr1_dI\" data-rel=\"iLightbox\"><span class=\"fusion-column-inner-bg-image\"><\/span><\/a><\/span><div class=\"fusion-column-wrapper fusion-column-has-shadow fusion-flex-justify-content-flex-start fusion-content-layout-column\"><div class=\"fusion-video fusion-youtube\" style=\"--awb-max-width:1422px;--awb-max-height:800px;--awb-align-self:center;--awb-width:100%;--awb-margin-top:3%;\"><div class=\"video-shortcode\"><lite-youtube videoid=\"yjStmwr1_dI\" class=\"landscape\" params=\"wmode=transparent&autoplay=1&enablejsapi=1\" title=\"YouTube video player 1\" width=\"1422\" height=\"800\" data-thumbnail-size=\"auto\"><\/lite-youtube><\/div><\/div><\/div><\/div><div class=\"fusion-layout-column fusion_builder_column_inner fusion-builder-nested-column-1 fusion_builder_column_inner_1_2 1_2 fusion-flex-column\" style=\"--awb-bg-size:cover;--awb-width-large:50%;--awb-margin-top-large:0px;--awb-spacing-right-large:3.84%;--awb-margin-bottom-large:20px;--awb-spacing-left-large:3.84%;--awb-width-medium:100%;--awb-order-medium:0;--awb-spacing-right-medium:1.92%;--awb-spacing-left-medium:1.92%;--awb-width-small:100%;--awb-order-small:0;--awb-spacing-right-small:1.92%;--awb-spacing-left-small:1.92%;\"><div class=\"fusion-column-wrapper fusion-column-has-shadow fusion-flex-justify-content-flex-start fusion-content-layout-column\"><div class=\"fusion-text fusion-text-2 fusion-text-no-margin\" style=\"--awb-font-size:var(--awb-typography2-font-size);--awb-line-height:var(--awb-typography2-line-height);--awb-letter-spacing:var(--awb-typography2-letter-spacing);--awb-text-transform:var(--awb-typography2-text-transform);--awb-margin-top:5%;--awb-margin-right:5%;--awb-margin-bottom:5%;--awb-text-font-family:var(--awb-typography2-font-family);--awb-text-font-weight:var(--awb-typography2-font-weight);--awb-text-font-style:var(--awb-typography2-font-style);\"><h3 style=\"color: #fff;\"><\/h3>\n<\/div><div class=\"fusion-title title fusion-title-2 fusion-sep-none fusion-title-text fusion-title-size-three\" style=\"--awb-text-color:var(--awb-color1);\"><h3 class=\"fusion-title-heading title-heading-left\" style=\"margin:0;text-transform:none;\"><h3><em>\u00ab On pense souvent, ou plut\u00f4t on s&rsquo;en tient \u00e0 un st\u00e9r\u00e9otype, qu&rsquo;ils viennent des camps avec un sac \u00e0 dos. En r\u00e9alit\u00e9, la majorit\u00e9 de ces r\u00e9fugi\u00e9s sont hautement qualifi\u00e9s et ma\u00eetrisent parfaitement la langue. \u00bb<\/em><\/h3><\/h3><\/div><div class=\"fusion-text fusion-text-3\"><p><span style=\"color: #f0483d;\"><strong><span style=\"color: var(--awb-custom_color_5); font-family: Figtree; font-weight: bold;\" data-fusion-font=\"true\" data-fusion-google-font=\"Figtree\" data-fusion-google-variant=\"700\">\u2014Shamira Madhany<\/span><\/strong><\/span> \/\/ Directrice g\u00e9n\u00e9rale Canada et directrice g\u00e9n\u00e9rale adjointe, World Education Services<\/p>\n<\/div><\/div><\/div><\/div><\/div><\/div><\/div><\/div><div class=\"fusion-fullwidth fullwidth-box fusion-builder-row-3 fusion-flex-container has-pattern-background has-mask-background nonhundred-percent-fullwidth non-hundred-percent-height-scrolling\" style=\"--awb-border-radius-top-left:0px;--awb-border-radius-top-right:0px;--awb-border-radius-bottom-right:0px;--awb-border-radius-bottom-left:0px;--awb-flex-wrap:wrap;\" ><div class=\"fusion-builder-row fusion-row fusion-flex-align-items-flex-start fusion-flex-content-wrap\" style=\"max-width:1248px;margin-left: calc(-4% \/ 2 );margin-right: calc(-4% \/ 2 );\"><div class=\"fusion-layout-column fusion_builder_column fusion-builder-column-2 fusion_builder_column_1_1 1_1 fusion-flex-column\" style=\"--awb-bg-size:cover;--awb-width-large:100%;--awb-margin-top-large:0px;--awb-spacing-right-large:1.92%;--awb-margin-bottom-large:20px;--awb-spacing-left-large:1.92%;--awb-width-medium:100%;--awb-order-medium:0;--awb-spacing-right-medium:1.92%;--awb-spacing-left-medium:1.92%;--awb-width-small:100%;--awb-order-small:0;--awb-spacing-right-small:1.92%;--awb-spacing-left-small:1.92%;\"><div class=\"fusion-column-wrapper fusion-column-has-shadow fusion-flex-justify-content-flex-start fusion-content-layout-column\"><div class=\"fusion-separator\" style=\"align-self: flex-start;margin-right:auto;margin-top:2%;width:100%;max-width:50%;\"><div class=\"fusion-separator-border sep-single sep-solid\" style=\"--awb-height:20px;--awb-amount:20px;--awb-sep-color:var(--awb-color8);border-color:var(--awb-color8);border-top-width:19px;\"><\/div><\/div><div class=\"fusion-title title fusion-title-3 fusion-sep-none fusion-title-text fusion-title-size-two\" style=\"--awb-margin-top:2%;--awb-margin-bottom:4%;--awb-font-size:26px;\"><h2 class=\"fusion-title-heading title-heading-left\" style=\"margin:0;font-size:1em;text-transform:none;\"><h2>Pour les agences communautaires<\/h2><\/h2><\/div><style type=\"text\/css\">.fusion-faqs-wrapper #accordian-1 .fusion-panel { border-color:var(--awb-color6); }.fusion-faqs-wrapper #accordian-1 .fusion-panel:hover{ border-color: #e0dede; }.fusion-accordian #accordian-1 .panel-title a .fa-fusion-box:before{ font-size: 16px;width: 16px;}.fusion-accordian #accordian-1 .panel-title a .fa-fusion-box{ color: var(--awb-color1);}.fusion-accordian  #accordian-1 .panel-title a{font-size:20px;font-family:var(--awb-typography4-font-family);font-weight:var(--awb-typography4-font-weight);font-style:var(--awb-typography4-font-style);}.fusion-accordian  #accordian-1 .panel-title a:not(:hover){}.fusion-accordian  #accordian-1 .toggle-content{font-family:\"Figtree\";font-style:normal;font-weight:300;}.fusion-accordian #accordian-1 .fa-fusion-box { background-color: var(--awb-color7) !important;border-color: var(--awb-color7) !important;}.fusion-accordian #accordian-1 .panel-title a:hover,.fusion-accordian #accordian-1 .panel-title a.hover { color: var(--awb-color8);}.fusion-faq-shortcode .fusion-accordian #accordian-1 .fusion-toggle-boxed-mode:hover .panel-title a { color: var(--awb-color8);}.fusion-accordian #accordian-1 .panel-title .active .fa-fusion-box,.fusion-accordian #accordian-1 .panel-title a:hover .fa-fusion-box,.fusion-accordian #accordian-1 .panel-title a.hover .fa-fusion-box { background-color: var(--awb-color8)!important;border-color: var(--awb-color8)!important;}.fusion-faqs-wrapper .fusion-accordian  #accordian-1 .fusion-panel {padding-top: 1%;padding-bottom: 1%;}<\/style><div class=\"fusion-faq-shortcode\" style=\"\"><div class=\"fusion-faqs-wrapper\"><div class=\"accordian fusion-accordian\"><div class=\"panel-group \" id=\"accordian-1\"><div class=\"fusion-panel panel-default fusion-faq-post fusion-faq-post-2696 commencer-agences-communautaires \"><span class=\"entry-title rich-snippet-hidden\">\u00c9tape 1 : Rejoignez la Table ronde sur l&#8217;emploi des r\u00e9fugi\u00e9s<\/span><span class=\"vcard rich-snippet-hidden\"><span class=\"fn\"><a href=\"https:\/\/www.welcomingeconomy.ca\/fr\/author\/park_admin\/\" title=\"Articles par park_admin\" rel=\"author\">park_admin<\/a><\/span><\/span><span class=\"updated rich-snippet-hidden\">2025-11-19T17:24:34+00:00<\/span><div class=\"panel-heading\"><h4 id=\"faq_1-2696\" class=\"panel-title toggle\"><a data-toggle=\"collapse\" class=\"collapsed\" data-parent=\"#accordian-1\" data-target=\"#collapse-1-2696\" href=\"#collapse-1-2696\" aria-expanded=\"false\"><div class=\"fusion-toggle-icon-wrapper\"><div class=\"fusion-toggle-icon-wrapper-main\"><div class=\"fusion-toggle-icon-wrapper-sub\"><i class=\"fa-fusion-box active-icon awb-icon-minus\" aria-hidden=\"true\"><\/i><i class=\"fa-fusion-box inactive-icon awb-icon-plus\" aria-hidden=\"true\"><\/i><\/div><\/div><\/div><div class=\"fusion-toggle-heading\">\u00c9tape 1 : Rejoignez la Table ronde sur l&#8217;emploi des r\u00e9fugi\u00e9s<\/div><\/a><\/h4><\/div><div id=\"collapse-1-2696\" aria-labelledby=\"faq_1-2696\" class=\"panel-collapse collapse\"><div class=\"panel-body toggle-content post-content\"><p>Cliquez pour en savoir plus sur la <a href=\"https:\/\/www.welcomingeconomy.ca\/fr\/table-ronde-sur-lemploi-des-refugies\/\"><strong><u>Table ronde<\/u><\/strong><\/a> .<\/p>\n<\/div><\/div><\/div><div class=\"fusion-panel panel-default fusion-faq-post fusion-faq-post-2692 commencer-agences-communautaires \"><span class=\"entry-title rich-snippet-hidden\">\u00c9tape 2 : Participer \u00e0 un Salon de l\u2019embauche<\/span><span class=\"vcard rich-snippet-hidden\"><span class=\"fn\"><a href=\"https:\/\/www.welcomingeconomy.ca\/fr\/author\/park_admin\/\" title=\"Articles par park_admin\" rel=\"author\">park_admin<\/a><\/span><\/span><span class=\"updated rich-snippet-hidden\">2025-11-19T17:27:09+00:00<\/span><div class=\"panel-heading\"><h4 id=\"faq_1-2692\" class=\"panel-title toggle\"><a data-toggle=\"collapse\" class=\"collapsed\" data-parent=\"#accordian-1\" data-target=\"#collapse-1-2692\" href=\"#collapse-1-2692\" aria-expanded=\"false\"><div class=\"fusion-toggle-icon-wrapper\"><div class=\"fusion-toggle-icon-wrapper-main\"><div class=\"fusion-toggle-icon-wrapper-sub\"><i class=\"fa-fusion-box active-icon awb-icon-minus\" aria-hidden=\"true\"><\/i><i class=\"fa-fusion-box inactive-icon awb-icon-plus\" aria-hidden=\"true\"><\/i><\/div><\/div><\/div><div class=\"fusion-toggle-heading\">\u00c9tape 2 : Participer \u00e0 un Salon de l\u2019embauche<\/div><\/a><\/h4><\/div><div id=\"collapse-1-2692\" aria-labelledby=\"faq_1-2692\" class=\"panel-collapse collapse\"><div class=\"panel-body toggle-content post-content\"><p>Visitez notre page <a href=\"https:\/\/www.welcomingeconomy.ca\/fr\/salons-de-lembauche-des-refugies\/\"><strong><u>Salons de l\u2019embauche des r\u00e9fugi\u00e9s<\/u><\/strong><\/a> pour voir les Salons de l\u2019embauche \u00e0 venir dans votre r\u00e9gion !<\/p>\n<\/div><\/div><\/div><div class=\"fusion-panel panel-default fusion-faq-post fusion-faq-post-2684 commencer-agences-communautaires \"><span class=\"entry-title rich-snippet-hidden\">\u00c9tape 3 : Organisez votre propre salon de l\u2019embauche des r\u00e9fugi\u00e9s<\/span><span class=\"vcard rich-snippet-hidden\"><span class=\"fn\"><a href=\"https:\/\/www.welcomingeconomy.ca\/fr\/author\/park_admin\/\" title=\"Articles par park_admin\" rel=\"author\">park_admin<\/a><\/span><\/span><span class=\"updated rich-snippet-hidden\">2025-11-19T17:25:21+00:00<\/span><div class=\"panel-heading\"><h4 id=\"faq_1-2684\" class=\"panel-title toggle\"><a data-toggle=\"collapse\" class=\"collapsed\" data-parent=\"#accordian-1\" data-target=\"#collapse-1-2684\" href=\"#collapse-1-2684\" aria-expanded=\"false\"><div class=\"fusion-toggle-icon-wrapper\"><div class=\"fusion-toggle-icon-wrapper-main\"><div class=\"fusion-toggle-icon-wrapper-sub\"><i class=\"fa-fusion-box active-icon awb-icon-minus\" aria-hidden=\"true\"><\/i><i class=\"fa-fusion-box inactive-icon awb-icon-plus\" aria-hidden=\"true\"><\/i><\/div><\/div><\/div><div class=\"fusion-toggle-heading\">\u00c9tape 3 : Organisez votre propre salon de l\u2019embauche des r\u00e9fugi\u00e9s<\/div><\/a><\/h4><\/div><div id=\"collapse-1-2684\" aria-labelledby=\"faq_1-2684\" class=\"panel-collapse collapse\"><div class=\"panel-body toggle-content post-content\"><p>Envisagez d\u2019organiser votre propre \u00e9v\u00e9nement de recrutement et suivez notre formation <a href=\"https:\/\/www.welcomingeconomy.ca\/fr\/organisez-votre-propre-evenement-de-recrutement-de-refugies\/\"><strong><u>\u00ab Organisez votre propre salon de l\u2019embauche des r\u00e9fugi\u00e9s \u00bb<\/u><\/strong><\/a> .<\/p>\n<\/div><\/div><\/div><\/div><\/div><\/div><\/div><\/div><\/div><\/div><\/div><div class=\"fusion-fullwidth fullwidth-box fusion-builder-row-4 fusion-flex-container has-pattern-background has-mask-background nonhundred-percent-fullwidth non-hundred-percent-height-scrolling\" style=\"--awb-border-radius-top-left:0px;--awb-border-radius-top-right:0px;--awb-border-radius-bottom-right:0px;--awb-border-radius-bottom-left:0px;--awb-flex-wrap:wrap;\" ><div class=\"fusion-builder-row fusion-row fusion-flex-align-items-flex-start fusion-flex-content-wrap\" style=\"max-width:1248px;margin-left: calc(-4% \/ 2 );margin-right: calc(-4% \/ 2 );\"><div class=\"fusion-layout-column fusion_builder_column fusion-builder-column-3 fusion_builder_column_1_1 1_1 fusion-flex-column\" style=\"--awb-bg-size:cover;--awb-width-large:100%;--awb-margin-top-large:0px;--awb-spacing-right-large:1.92%;--awb-margin-bottom-large:20px;--awb-spacing-left-large:1.92%;--awb-width-medium:100%;--awb-order-medium:0;--awb-spacing-right-medium:1.92%;--awb-spacing-left-medium:1.92%;--awb-width-small:100%;--awb-order-small:0;--awb-spacing-right-small:1.92%;--awb-spacing-left-small:1.92%;\"><div class=\"fusion-column-wrapper fusion-column-has-shadow fusion-flex-justify-content-flex-start fusion-content-layout-column\"><div class=\"fusion-text fusion-text-4\" style=\"--awb-font-size:19px;--awb-text-color:var(--awb-color8);--awb-margin-top:5%;--awb-text-font-family:var(--awb-typography4-font-family);--awb-text-font-weight:var(--awb-typography4-font-weight);--awb-text-font-style:var(--awb-typography4-font-style);\"><p><span class=\"sqsrte-text-color--black\"><strong>Vous ne savez pas par o\u00f9 commencer ? <\/strong><\/span><span class=\"sqsrte-text-color--darkAccent\"><strong><br \/>\n<\/strong>Nous pouvons vous aider! <\/span><\/p>\n<\/div><div ><a class=\"fusion-button button-flat fusion-button-default-size button-custom fusion-button-default button-1 fusion-button-default-span fusion-button-default-type\" style=\"--button_accent_color:#ffffff;--button_accent_hover_color:var(--awb-color1);--button_border_hover_color:var(--awb-color8);--button_border_width-top:1px;--button_border_width-right:1px;--button_border_width-bottom:1px;--button_border_width-left:1px;--button-border-radius-top-left:30px;--button-border-radius-top-right:30px;--button-border-radius-bottom-right:30px;--button-border-radius-bottom-left:30px;--button_gradient_top_color:var(--awb-color8);--button_gradient_bottom_color:var(--awb-color8);--button_gradient_top_color_hover:var(--awb-color7);--button_gradient_bottom_color_hover:var(--awb-color7);--button_text_transform:uppercase;--button_font_size:22px;--button_padding-top:1.5%;--button_padding-right:3%;--button_padding-bottom:1.5%;--button_padding-left:3%;\" target=\"_self\" href=\"https:\/\/www.welcomingeconomy.ca\/fr\/formulaire-de-contact\/\"><span class=\"fusion-button-text\">Contactez-nous<\/span><\/a><\/div><\/div><\/div><\/div><\/div><\/p>\n","protected":false},"excerpt":{"rendered":"","protected":false},"author":4,"featured_media":0,"parent":0,"menu_order":0,"comment_status":"closed","ping_status":"closed","template":"100-width.php","meta":{"_acf_changed":false,"footnotes":""},"class_list":["post-2578","page","type-page","status-publish","hentry"],"acf":[],"_links":{"self":[{"href":"https:\/\/www.welcomingeconomy.ca\/fr\/wp-json\/wp\/v2\/pages\/2578","targetHints":{"allow":["GET"]}}],"collection":[{"href":"https:\/\/www.welcomingeconomy.ca\/fr\/wp-json\/wp\/v2\/pages"}],"about":[{"href":"https:\/\/www.welcomingeconomy.ca\/fr\/wp-json\/wp\/v2\/types\/page"}],"author":[{"embeddable":true,"href":"https:\/\/www.welcomingeconomy.ca\/fr\/wp-json\/wp\/v2\/users\/4"}],"replies":[{"embeddable":true,"href":"https:\/\/www.welcomingeconomy.ca\/fr\/wp-json\/wp\/v2\/comments?post=2578"}],"version-history":[{"count":7,"href":"https:\/\/www.welcomingeconomy.ca\/fr\/wp-json\/wp\/v2\/pages\/2578\/revisions"}],"predecessor-version":[{"id":4189,"href":"https:\/\/www.welcomingeconomy.ca\/fr\/wp-json\/wp\/v2\/pages\/2578\/revisions\/4189"}],"wp:attachment":[{"href":"https:\/\/www.welcomingeconomy.ca\/fr\/wp-json\/wp\/v2\/media?parent=2578"}],"curies":[{"name":"wp","href":"https:\/\/api.w.org\/{rel}","templated":true}]}}